{"id":15,"date":"2013-09-16T17:22:45","date_gmt":"2013-09-16T17:22:45","guid":{"rendered":"http:\/\/127.0.0.1\/roscars\/demo\/?page_id=15"},"modified":"2019-10-23T17:33:28","modified_gmt":"2019-10-23T17:33:28","slug":"contacto","status":"publish","type":"page","link":"http:\/\/www.roscars.com.ar\/?page_id=15","title":{"rendered":"CONTACTO"},"content":{"rendered":"<div id=\"pl-15\"  class=\"panel-layout\" ><div id=\"pg-15-0\"  class=\"panel-grid panel-no-style\" ><div id=\"pgc-15-0-0\"  class=\"panel-grid-cell\" ><div id=\"panel-15-0-0-0\" class=\"so-panel widget widget_text panel-first-child panel-last-child\" data-index=\"0\" >\t\t\t<div class=\"textwidget\"><div id=\"cscf\" class=\"cscfBlock\">\n    <div class=\"cscfMessageSent\" style=\"display:none;\" role=\"status\" aria-live=\"polite\">\n\t\t<h3>Mensaje enviado!<\/h3>\n<p>Gracias por su mensaje, nos pondremos en contacto muy pronto. <\/p>    <\/div>\n    <div class=\"cscfMessageNotSent\" style=\"display:none;\" role=\"alert\" aria-live=\"assertive\">\n\t\t<p>\n    Lo sentimos, ha habido un error. Tu mensaje no se ha enviado.<\/p>\n    <\/div>\n    <div class=\"cscfForm\">\n        <p>Por favor, introduzca sus datos de contacto y un mensaje, y responderemos a su consulta.<\/p>\n\n        <form role=\"form\" id=\"frmCSCF\" name=\"frmCSCF\" method=\"post\" novalidate>\n\t\t\t<input type=\"hidden\" id=\"cscf_nonce\" name=\"cscf_nonce\" value=\"c046922ae3\" \/><input type=\"hidden\" name=\"_wp_http_referer\" value=\"\/index.php?rest_route=%2Fwp%2Fv2%2Fpages%2F15\" \/>            <input type=\"hidden\" name=\"post-id\" value=\"\">\n\n\t\t\t\n            <!-- name -->\n            <div class=\"control-group form-group\">\n                <label for=\"cscf_name\">Nombre:<\/label>\n\n\n                <div class=\"\">\n\t\t\t\t\t                    <input class=\"form-control input-xlarge\"\n                           data-rule-required=\"true\"\n                           data-msg-required=\"Porfavor ingresa tu nombre.\"\n                           type=\"text\" id=\"cscf_name\" name=\"cscf[name]\"\n                           value=\"\"\n                           placeholder=\"Tu Nombre:\"\n                           autocomplete=\"name\"\n                           aria-required=\"true\"\n                           aria-describedby=\"cscf_name_error\"\n                                               \/>\n                <\/div>\n                <span id=\"cscf_name_error\" class=\"help-inline help-block error\"\n                      style=\"display:none;\"\n                      role=\"alert\">\n                                    <\/span>\n            <\/div>\n\n\n            <!--email address-->\n            <div class=\"control-group form-group\">\n                <label for=\"cscf_email\">Direcci\u00f3n de correo electr\u00f3nico:<\/label>\n\n                <div class=\"\">\n\t\t\t\t\t                    <input class=\"form-control input-xlarge\"\n                           data-rule-required=\"true\"\n                           data-rule-email=\"true\"\n                           data-msg-required=\"Por favor ingresa tu correo electr\u00f3nico\"\n                           data-msg-email=\"Por favor ingresa una direcci\u00f3n de correo electr\u00f3nico v\u00e1lida.\"\n                           type=\"email\" id=\"cscf_email\" name=\"cscf[email]\"\n                           value=\"\"\n                           placeholder=\"Tu direcci\u00f3n de correo electr\u00f3nico:\"\n                           autocomplete=\"email\"\n                           aria-required=\"true\"\n                           aria-describedby=\"cscf_email_error\"\n                                               \/>\n                <\/div>\n                <span id=\"cscf_email_error\" class=\"help-inline help-block error\"\n                      style=\"display:none;\"\n                      role=\"alert\">\n                                    <\/span>\n            <\/div>\n\n\t\t\t                <!--confirm email address -->\n                <div class=\"control-group form-group\">\n                    <label for=\"cscf_confirm-email\">Confirma tu direcci\u00f3n de correo electr\u00f3nico:<\/label>\n                    <div class=\"\">\n\t\t\t\t\t\t                        <input class=\"form-control input-xlarge\"\n                               data-rule-required=\"true\"\n                               data-rule-email=\"true\"\n                               data-rule-equalTo=\"#cscf_email\"\n                               data-msg-required=\"Por favor ingresa la misma direcci\u00f3n de correo electr\u00f3nico de nuevo.\"\n                               data-msg-email=\"Por favor ingresa una direcci\u00f3n de correo electr\u00f3nico v\u00e1lida.\"\n                               data-msg-equalTo=\"Por favor ingresa la misma direcci\u00f3n de correo electr\u00f3nico de nuevo.\"\n                               type=\"email\" id=\"cscf_confirm-email\" name=\"cscf[confirm-email]\"\n                               value=\"\"\n                               placeholder=\"Confirma tu direcci\u00f3n de correo electr\u00f3nico\"\n                               autocomplete=\"email\"\n                               aria-required=\"true\"\n                               aria-describedby=\"cscf_confirm-email_error\"\n                                                       \/>\n                    <\/div>\n                    <span id=\"cscf_confirm-email_error\" class=\"help-inline help-block error\"\n                          style=\"display:none;\"\n                          role=\"alert\">\n                                    <\/span>\n                <\/div>\n\t\t\t\n\t\t\t\n\n            <!-- message -->\n            <div class=\"control-group form-group\">\n                <label for=\"cscf_message\">Mensaje:<\/label>\n                <div class=\"\">\n\t\t\t\t\t                    <textarea class=\"form-control input-xlarge\"\n                              data-rule-required=\"true\"\n                              data-msg-required=\"Por favor ingresa un mensaje.\"\n                              id=\"cscf_message\" name=\"cscf[message]\" rows=\"10\"\n                              placeholder=\"Tu Mensaje\"\n                              aria-required=\"true\"\n                              aria-describedby=\"cscf_message_error\"\n                              ><\/textarea>\n                <\/div>\n\n                <span id=\"cscf_message_error\" class=\"help-inline help-block error\"\n                      style=\"display:none;\"\n                      role=\"alert\">\n                                    <\/span>\n            <\/div>\n\n\t\t\t\n\n\n\t\t\t\n            <!-- recaptcha -->\n\t\t\t            <input type=\"submit\" id=\"cscf_SubmitButton\" class=\"btn btn-default\"\n                   value=\"Enviar mensaje\"\/>\n        <\/form>\n    <\/div>\n<\/div><\/div>\n\t\t<\/div><\/div><div id=\"pgc-15-0-1\"  class=\"panel-grid-cell\" ><div id=\"panel-15-0-1-0\" class=\"so-panel widget widget_text panel-first-child panel-last-child\" data-index=\"1\" >\t\t\t<div class=\"textwidget\">PARA UNA RESPUESTA \u00c1GIL Y R\u00c1PIDA ENVIAR SU CONSULTA POR WhatsApp ACCEDA DIRECTAMENTE DESDE LA PAGINA WEB<br><br>\n\n\nWhatsApp M\u00f3vil: +54 9 341 6000 101<br><br>\nEstamos en:<br>\n- Direcci\u00f3n: Bv. Oro\u00f1o 134bis<br><br>\nroscars2013@gmail.com\n<br><br>\n\n\n<iframe src=\"https:\/\/www.google.com\/maps\/embed?pb=!1m14!1m8!1m3!1d3348.696436675132!2d-60.650985612303145!3d-32.93261768928115!3m2!1i1024!2i768!4f13.1!3m3!1m2!1s0x0%3A0x25cdfc7938eecdb2!2sRoscars%20Alquiler%20de%20Autos!5e0!3m2!1ses-419!2sar!4v1571849659256!5m2!1ses-419!2sar\" frameborder=\"0\" style=\"border:0;\" allowfullscreen=\"\"><\/iframe><\/div>\n\t\t<\/div><\/div><\/div><\/div>","protected":false},"excerpt":{"rendered":"<p>PARA UNA RESPUESTA \u00c1GIL Y R\u00c1PIDA ENVIAR SU CONSULTA POR WhatsApp ACCEDA DIRECTAMENTE DESDE LA PAGINA WEB WhatsApp M\u00f3vil: +54 9 341 6000 101 Estamos en: &#8211; Direcci\u00f3n: Bv. Oro\u00f1o 134bis roscars2013@gmail.com<\/p>\n","protected":false},"author":1,"featured_media":0,"parent":0,"menu_order":0,"comment_status":"closed","ping_status":"closed","template":"","meta":{"_joinchat":[],"footnotes":""},"class_list":["post-15","page","type-page","status-publish","hentry","post"],"_links":{"self":[{"href":"http:\/\/www.roscars.com.ar\/index.php?rest_route=\/wp\/v2\/pages\/15","targetHints":{"allow":["GET"]}}],"collection":[{"href":"http:\/\/www.roscars.com.ar\/index.php?rest_route=\/wp\/v2\/pages"}],"about":[{"href":"http:\/\/www.roscars.com.ar\/index.php?rest_route=\/wp\/v2\/types\/page"}],"author":[{"embeddable":true,"href":"http:\/\/www.roscars.com.ar\/index.php?rest_route=\/wp\/v2\/users\/1"}],"replies":[{"embeddable":true,"href":"http:\/\/www.roscars.com.ar\/index.php?rest_route=%2Fwp%2Fv2%2Fcomments&post=15"}],"version-history":[{"count":34,"href":"http:\/\/www.roscars.com.ar\/index.php?rest_route=\/wp\/v2\/pages\/15\/revisions"}],"predecessor-version":[{"id":319,"href":"http:\/\/www.roscars.com.ar\/index.php?rest_route=\/wp\/v2\/pages\/15\/revisions\/319"}],"wp:attachment":[{"href":"http:\/\/www.roscars.com.ar\/index.php?rest_route=%2Fwp%2Fv2%2Fmedia&parent=15"}],"curies":[{"name":"wp","href":"https:\/\/api.w.org\/{rel}","templated":true}]}}