{"id":17,"date":"2013-09-16T17:23:16","date_gmt":"2013-09-16T17:23:16","guid":{"rendered":"http:\/\/127.0.0.1\/roscars\/demo\/?page_id=17"},"modified":"2019-10-23T17:42:04","modified_gmt":"2019-10-23T17:42:04","slug":"condiciones","status":"publish","type":"page","link":"http:\/\/www.roscars.com.ar\/?page_id=17","title":{"rendered":"CONDICIONES"},"content":{"rendered":"<div id=\"pl-17\"  class=\"panel-layout\" ><div id=\"pg-17-0\"  class=\"panel-grid panel-no-style\" ><div id=\"pgc-17-0-0\"  class=\"panel-grid-cell\" ><div id=\"panel-17-0-0-0\" class=\"so-panel widget widget_text panel-first-child\" data-index=\"0\" ><h3 class=\"widget-title\">Condiciones de Alquiler<\/h3>\t\t\t<div class=\"textwidget\"><p>Edad m\u00ednima de alquiler: 21 a\u00f1os<br \/>\nLicencia de conducir del pa\u00eds de or\u00edgen y vigente al d\u00eda.<br \/>\nRecibo de sueldo.<br \/>\nInscripci\u00f3n de AFIP Personal o de su Empresa.<\/p>\n<\/div>\n\t\t<\/div><div id=\"panel-17-0-0-1\" class=\"so-panel widget widget_text panel-last-child\" data-index=\"1\" ><h3 class=\"widget-title\">A cargo del cliente:<\/h3>\t\t\t<div class=\"textwidget\"><p>Excedentes.<br \/>\nFaltantes de neum\u00e1ticos, auto estereo, taza y\/o accesorios. (CROQUIS DEL VEHICULO A SU ENTREGA Y DEVOLUCI\u00d3N, DETALLANDO LO QUE SEA NECESARIO).<br \/>\nLa tarifa por d\u00eda contempla el alquiler del autom\u00f3vil por 24 horas, con 1 (una) hora de tolerancia para su devoluci\u00f3n. A partir de dicho plazo, se cobrar\u00e1 medio d\u00eda de alquiler. A partir de las 3 (tres) horas se abonar\u00e1 el equivalente 1 (un) d\u00eda de alquiler, lo cual no implica la retenci\u00f3n del autom\u00f3vil.<\/p>\n<\/div>\n\t\t<\/div><\/div><div id=\"pgc-17-0-1\"  class=\"panel-grid-cell\" ><div id=\"panel-17-0-1-0\" class=\"so-panel widget widget_text panel-first-child\" data-index=\"2\" ><h3 class=\"widget-title\">El autom\u00f3vil se entrega en OPTIMAS CONDICIONES DE USO.<\/h3>\t\t\t<div class=\"textwidget\"><p>En caso de hurto, robo, siniestro o colisi\u00f3n, ser\u00e1 necesario presentar una denuncia radicada ante la autoridad correspondiente.<\/p>\n<p>EN CASO DE SINIESTRO: DAR AVISO A LA EMPRESA.<\/p>\n<\/div>\n\t\t<\/div><div id=\"panel-17-0-1-1\" class=\"so-panel widget widget_text panel-last-child\" data-index=\"3\" ><h3 class=\"widget-title\">Ampliaci\u00f3n del per\u00edodo de alquiler:<\/h3>\t\t\t<div class=\"textwidget\"><p>Si desea extender el contrato de alquiler deber\u00e1 comunicarlo 48 hs. antes de su finalizaci\u00f3n.<\/p>\n<\/div>\n\t\t<\/div><\/div><\/div><\/div>","protected":false},"excerpt":{"rendered":"<p>Edad m\u00ednima de alquiler: 21 a\u00f1os Licencia de conducir del pa\u00eds de or\u00edgen y vigente al d\u00eda. Recibo de sueldo. Inscripci\u00f3n de AFIP Personal o de su Empresa. Excedentes. Faltantes de neum\u00e1ticos, auto estereo, taza y\/o accesorios. (CROQUIS DEL VEHICULO A SU ENTREGA Y DEVOLUCI\u00d3N, DETALLANDO LO QUE SEA NECESARIO). La tarifa por d\u00eda contempla [&hellip;]<\/p>\n","protected":false},"author":1,"featured_media":0,"parent":0,"menu_order":0,"comment_status":"closed","ping_status":"closed","template":"templates\/template-full-notitle.php","meta":{"_joinchat":[],"footnotes":""},"class_list":["post-17","page","type-page","status-publish","hentry","post"],"_links":{"self":[{"href":"http:\/\/www.roscars.com.ar\/index.php?rest_route=\/wp\/v2\/pages\/17","targetHints":{"allow":["GET"]}}],"collection":[{"href":"http:\/\/www.roscars.com.ar\/index.php?rest_route=\/wp\/v2\/pages"}],"about":[{"href":"http:\/\/www.roscars.com.ar\/index.php?rest_route=\/wp\/v2\/types\/page"}],"author":[{"embeddable":true,"href":"http:\/\/www.roscars.com.ar\/index.php?rest_route=\/wp\/v2\/users\/1"}],"replies":[{"embeddable":true,"href":"http:\/\/www.roscars.com.ar\/index.php?rest_route=%2Fwp%2Fv2%2Fcomments&post=17"}],"version-history":[{"count":37,"href":"http:\/\/www.roscars.com.ar\/index.php?rest_route=\/wp\/v2\/pages\/17\/revisions"}],"predecessor-version":[{"id":323,"href":"http:\/\/www.roscars.com.ar\/index.php?rest_route=\/wp\/v2\/pages\/17\/revisions\/323"}],"wp:attachment":[{"href":"http:\/\/www.roscars.com.ar\/index.php?rest_route=%2Fwp%2Fv2%2Fmedia&parent=17"}],"curies":[{"name":"wp","href":"https:\/\/api.w.org\/{rel}","templated":true}]}}