{"id":21,"date":"2013-09-16T17:24:06","date_gmt":"2013-09-16T17:24:06","guid":{"rendered":"http:\/\/127.0.0.1\/roscars\/demo\/?page_id=21"},"modified":"2019-10-23T17:43:00","modified_gmt":"2019-10-23T17:43:00","slug":"empresa","status":"publish","type":"page","link":"http:\/\/www.roscars.com.ar\/?page_id=21","title":{"rendered":"EMPRESA"},"content":{"rendered":"<div id=\"pl-21\"  class=\"panel-layout\" ><div id=\"pg-21-0\"  class=\"panel-grid panel-no-style\" ><div id=\"pgc-21-0-0\"  class=\"panel-grid-cell\" ><div id=\"panel-21-0-0-0\" class=\"so-panel widget widget_text panel-first-child panel-last-child\" data-index=\"0\" ><h3 class=\"widget-title\">Nuestra empresa se encuentra ubicada en zona c\u00e9ntrica de la ciudad de Rosario.<\/h3>\t\t\t<div class=\"textwidget\"><p>Dedicada al alquiler de autos sin chofer brindando un servicio diferente,con atenci\u00f3n personalizada y dando soluciones a las necesidades de nuestros clientes.<\/p>\n<p>La tarifa diaria incluye el alquiler del veh\u00edculo por 24 hs.<br \/>\nSeguro contra todo riesgo.<\/p>\n<p>El autom\u00f3vil se devuelve con el dep\u00f3sito de combustible de la misma manera que se entrega.<\/p>\n<\/div>\n\t\t<\/div><\/div><div id=\"pgc-21-0-1\"  class=\"panel-grid-cell\" ><div id=\"panel-21-0-1-0\" class=\"so-panel widget widget_text panel-first-child panel-last-child\" data-index=\"1\" ><h3 class=\"widget-title\">Clima en Rosario<\/h3>\t\t\t<div class=\"textwidget\"><!-- www.TuTiempo.net - Ancho:198px - Alto:268px -->\r\n<div id=\"TT_vCS11kkk12IKdehAjAujjDjjDClATECFrtEYEsC5q1zoGI3I3\"><a href=\"http:\/\/www.tutiempo.net\">Informaci\u00f3n meteorol\u00f3gica mundial<\/a><\/div>\r\n<script type=\"text\/javascript\" src=\"http:\/\/www.tutiempo.net\/widget\/eltiempo_vCS11kkk12IKdehAjAujjDjjDClATECFrtEYEsC5q1zoGI3I3\"><\/script><\/div>\n\t\t<\/div><\/div><\/div><\/div>","protected":false},"excerpt":{"rendered":"<p>Dedicada al alquiler de autos sin chofer brindando un servicio diferente,con atenci\u00f3n personalizada y dando soluciones a las necesidades de nuestros clientes. La tarifa diaria incluye el alquiler del veh\u00edculo por 24 hs. Seguro contra todo riesgo. El autom\u00f3vil se devuelve con el dep\u00f3sito de combustible de la misma manera que se entrega. Informaci\u00f3n meteorol\u00f3gica [&hellip;]<\/p>\n","protected":false},"author":1,"featured_media":0,"parent":0,"menu_order":0,"comment_status":"closed","ping_status":"closed","template":"templates\/template-full-notitle.php","meta":{"_joinchat":[],"footnotes":""},"class_list":["post-21","page","type-page","status-publish","hentry","post"],"_links":{"self":[{"href":"http:\/\/www.roscars.com.ar\/index.php?rest_route=\/wp\/v2\/pages\/21","targetHints":{"allow":["GET"]}}],"collection":[{"href":"http:\/\/www.roscars.com.ar\/index.php?rest_route=\/wp\/v2\/pages"}],"about":[{"href":"http:\/\/www.roscars.com.ar\/index.php?rest_route=\/wp\/v2\/types\/page"}],"author":[{"embeddable":true,"href":"http:\/\/www.roscars.com.ar\/index.php?rest_route=\/wp\/v2\/users\/1"}],"replies":[{"embeddable":true,"href":"http:\/\/www.roscars.com.ar\/index.php?rest_route=%2Fwp%2Fv2%2Fcomments&post=21"}],"version-history":[{"count":31,"href":"http:\/\/www.roscars.com.ar\/index.php?rest_route=\/wp\/v2\/pages\/21\/revisions"}],"predecessor-version":[{"id":324,"href":"http:\/\/www.roscars.com.ar\/index.php?rest_route=\/wp\/v2\/pages\/21\/revisions\/324"}],"wp:attachment":[{"href":"http:\/\/www.roscars.com.ar\/index.php?rest_route=%2Fwp%2Fv2%2Fmedia&parent=21"}],"curies":[{"name":"wp","href":"https:\/\/api.w.org\/{rel}","templated":true}]}}