{"id":58,"date":"2013-09-17T18:39:56","date_gmt":"2013-09-17T18:39:56","guid":{"rendered":"http:\/\/127.0.0.1\/roscars\/demo\/?page_id=58"},"modified":"2019-10-23T17:55:07","modified_gmt":"2019-10-23T17:55:07","slug":"flota","status":"publish","type":"page","link":"http:\/\/www.roscars.com.ar\/?page_id=58","title":{"rendered":"FLOTA"},"content":{"rendered":"<div id=\"pl-58\"  class=\"panel-layout\" ><div id=\"pg-58-0\"  class=\"panel-grid panel-no-style\" ><div id=\"pgc-58-0-0\"  class=\"panel-grid-cell\" ><div id=\"panel-58-0-0-0\" class=\"so-panel widget widget_text panel-first-child panel-last-child\" data-index=\"0\" ><h3 class=\"widget-title\">Comodidades:<\/h3>\t\t\t<div class=\"textwidget\"><p>&#8211; Puertas: 5<br \/>\n&#8211; Aire Acondicionado<br \/>\n&#8211; CD player, mp3, usb<br \/>\n&#8211; Caja Manual<br \/>\n&#8211; Direcci\u00f3n Asistida<br \/>\n&#8211; Manos libres\/bluetooth<br \/>\n&#8211; ABS<br \/>\n&#8211; AIRBAG<br \/>\n&#8211; 5 pasajeros homologados<br \/>\n&#8211; Accesorios sin cargo: silla para ni\u00f1os, gps, cadenas (hielo y nieve)<br \/>\n&#8211; Cierre centralizado<br \/>\n&#8211; Autos nuevos<\/p>\n<\/div>\n\t\t<\/div><\/div><div id=\"pgc-58-0-1\"  class=\"panel-grid-cell\" ><div id=\"panel-58-0-1-0\" class=\"so-panel widget widget_black-studio-tinymce widget_black_studio_tinymce panel-first-child panel-last-child\" data-index=\"1\" ><div class=\"textwidget\"><p><img decoding=\"async\" src=\"http:\/\/www.roscars.com.ar\/wp-content\/uploads\/2013\/10\/flota.png\" \/><\/p>\n<\/div><\/div><\/div><div id=\"pgc-58-0-2\"  class=\"panel-grid-cell\" ><div id=\"panel-58-0-2-0\" class=\"so-panel widget widget_text panel-first-child panel-last-child\" data-index=\"2\" ><h3 class=\"widget-title\">El clima en ROSARIO<\/h3>\t\t\t<div class=\"textwidget\"><!-- www.TuTiempo.net - Ancho:198px - Alto:268px -->\r\n<div id=\"TT_vCS11kkk12IKdehAjAujjDjjDClATECFrtEYEsC5q1zoGI3I3\"><a href=\"http:\/\/www.tutiempo.net\">Informaci\u00f3n meteorol\u00f3gica mundial<\/a><\/div>\r\n<script type=\"text\/javascript\" src=\"http:\/\/www.tutiempo.net\/widget\/eltiempo_vCS11kkk12IKdehAjAujjDjjDClATECFrtEYEsC5q1zoGI3I3\"><\/script><\/div>\n\t\t<\/div><\/div><\/div><div id=\"pg-58-1\"  class=\"panel-grid panel-no-style\" ><div id=\"pgc-58-1-0\"  class=\"panel-grid-cell\" ><div id=\"panel-58-1-0-0\" class=\"so-panel widget widget_black-studio-tinymce widget_black_studio_tinymce panel-first-child panel-last-child\" data-index=\"3\" ><div class=\"textwidget\"><p><a href=\"http:\/\/www.roscars.com.ar\/wp-content\/uploads\/2019\/10\/promo1.png\"><img loading=\"lazy\" decoding=\"async\" class=\"alignnone size-medium wp-image-325\" src=\"http:\/\/www.roscars.com.ar\/wp-content\/uploads\/2019\/10\/promo1-300x100.png\" alt=\"\" width=\"300\" height=\"100\" srcset=\"http:\/\/www.roscars.com.ar\/wp-content\/uploads\/2019\/10\/promo1-300x100.png 300w, http:\/\/www.roscars.com.ar\/wp-content\/uploads\/2019\/10\/promo1.png 473w\" sizes=\"auto, (max-width: 300px) 100vw, 300px\" \/><\/a><\/p>\n<\/div><\/div><\/div><div id=\"pgc-58-1-1\"  class=\"panel-grid-cell\" ><div id=\"panel-58-1-1-0\" class=\"so-panel widget widget_black-studio-tinymce widget_black_studio_tinymce panel-first-child panel-last-child\" data-index=\"4\" ><div class=\"textwidget\"><p><img decoding=\"async\" src=\"http:\/\/www.roscars.com.ar\/wp-content\/uploads\/2013\/10\/promo2.png\" \/><\/p>\n<\/div><\/div><\/div><div id=\"pgc-58-1-2\"  class=\"panel-grid-cell\" ><div id=\"panel-58-1-2-0\" class=\"so-panel widget widget_black-studio-tinymce widget_black_studio_tinymce panel-first-child panel-last-child\" data-index=\"5\" ><div class=\"textwidget\"><p><img decoding=\"async\" src=\"http:\/\/www.roscars.com.ar\/wp-content\/uploads\/2013\/10\/promo3.png\" \/><\/p>\n<\/div><\/div><\/div><\/div><div id=\"pg-58-2\"  class=\"panel-grid panel-no-style\" ><div id=\"pgc-58-2-0\"  class=\"panel-grid-cell\" ><div id=\"panel-58-2-0-0\" class=\"so-panel widget widget_text panel-first-child panel-last-child\" data-index=\"6\" >\t\t\t<div class=\"textwidget\">* Consulte la vigencia de las promociones<\/div>\n\t\t<\/div><\/div><\/div><\/div>","protected":false},"excerpt":{"rendered":"<p>&#8211; Puertas: 5 &#8211; Aire Acondicionado &#8211; CD player, mp3, usb &#8211; Caja Manual &#8211; Direcci\u00f3n Asistida &#8211; Manos libres\/bluetooth &#8211; ABS &#8211; AIRBAG &#8211; 5 pasajeros homologados &#8211; Accesorios sin cargo: silla para ni\u00f1os, gps, cadenas (hielo y nieve) &#8211; Cierre centralizado &#8211; Autos nuevos Informaci\u00f3n meteorol\u00f3gica mundial<\/p>\n","protected":false},"author":1,"featured_media":0,"parent":0,"menu_order":0,"comment_status":"closed","ping_status":"closed","template":"templates\/template-full.php","meta":{"_joinchat":[],"footnotes":""},"class_list":["post-58","page","type-page","status-publish","hentry","post"],"_links":{"self":[{"href":"http:\/\/www.roscars.com.ar\/index.php?rest_route=\/wp\/v2\/pages\/58","targetHints":{"allow":["GET"]}}],"collection":[{"href":"http:\/\/www.roscars.com.ar\/index.php?rest_route=\/wp\/v2\/pages"}],"about":[{"href":"http:\/\/www.roscars.com.ar\/index.php?rest_route=\/wp\/v2\/types\/page"}],"author":[{"embeddable":true,"href":"http:\/\/www.roscars.com.ar\/index.php?rest_route=\/wp\/v2\/users\/1"}],"replies":[{"embeddable":true,"href":"http:\/\/www.roscars.com.ar\/index.php?rest_route=%2Fwp%2Fv2%2Fcomments&post=58"}],"version-history":[{"count":37,"href":"http:\/\/www.roscars.com.ar\/index.php?rest_route=\/wp\/v2\/pages\/58\/revisions"}],"predecessor-version":[{"id":326,"href":"http:\/\/www.roscars.com.ar\/index.php?rest_route=\/wp\/v2\/pages\/58\/revisions\/326"}],"wp:attachment":[{"href":"http:\/\/www.roscars.com.ar\/index.php?rest_route=%2Fwp%2Fv2%2Fmedia&parent=58"}],"curies":[{"name":"wp","href":"https:\/\/api.w.org\/{rel}","templated":true}]}}